{"id":370318,"date":"2025-06-16T13:59:01","date_gmt":"2025-06-16T11:59:01","guid":{"rendered":"https:\/\/alarmtower.com\/?page_id=370318"},"modified":"2025-06-23T16:07:28","modified_gmt":"2025-06-23T14:07:28","slug":"alarmwatch","status":"publish","type":"page","link":"https:\/\/alarmtower.com\/pl\/alarmwatch\/","title":{"rendered":"AlarmWatch"},"content":{"rendered":"<p>[et_pb_section fb_built=&#8221;1&#8243; custom_padding_last_edited=&#8221;on|phone&#8221; admin_label=&#8221;Cruella De Ville Slider &#8211; Freddie&#8221; module_class=&#8221;freddie_crueladeville_slider&#8221; _builder_version=&#8221;4.16&#8243; background_enable_color=&#8221;off&#8221; custom_margin=&#8221;||||false|false&#8221; custom_padding=&#8221;50px||5px||false|false&#8221; custom_padding_tablet=&#8221;20px||20px||false|false&#8221; custom_padding_phone=&#8221;&#8221; bottom_divider_color=&#8221;#000000&#8243; locked=&#8221;off&#8221; global_colors_info=&#8221;{}&#8221;][et_pb_row use_custom_gutter=&#8221;on&#8221; gutter_width=&#8221;4&#8243; admin_label=&#8221;Black Lips Content &#8211; Freddie &#8211; Row&#8221; _builder_version=&#8221;4.27.0&#8243; width=&#8221;90%&#8221; max_width=&#8221;1170px&#8221; custom_padding=&#8221;||||false|false&#8221; locked=&#8221;off&#8221; global_colors_info=&#8221;{}&#8221;][et_pb_column type=&#8221;4_4&#8243; _builder_version=&#8221;4.16&#8243; global_colors_info=&#8221;{}&#8221;][et_pb_text admin_label=&#8221;Black Lips Content &#8211; Freddie &#8211; Text&#8221; _builder_version=&#8221;4.16&#8243; text_font=&#8221;Poppins|500|||||||&#8221; text_text_color=&#8221;#000000&#8243; text_font_size=&#8221;60px&#8221; text_letter_spacing=&#8221;0.8px&#8221; text_line_height=&#8221;120%&#8221; text_font_size_tablet=&#8221;40px&#8221; text_font_size_phone=&#8221;30px&#8221; text_font_size_last_edited=&#8221;on|phone&#8221; text_letter_spacing_tablet=&#8221;0.3px&#8221; text_letter_spacing_phone=&#8221;&#8221; text_letter_spacing_last_edited=&#8221;on|tablet&#8221; global_colors_info=&#8221;{}&#8221;]<\/p>\n<p>AlarmWatch\u2013 kompaktowa wie\u017ca ochronna<\/p>\n<p>[\/et_pb_text][\/et_pb_column][\/et_pb_row][\/et_pb_section][et_pb_section fb_built=&#8221;1&#8243; custom_padding_last_edited=&#8221;on|tablet&#8221; admin_label=&#8221;About Page V3 &#8211; Story Text &#8211; Freddie&#8221; module_class=&#8221;freddie_about3_story_text&#8221; _builder_version=&#8221;4.16&#8243; custom_padding=&#8221;6px||5px||false|false&#8221; custom_padding_tablet=&#8221;0px||45px||false|false&#8221; custom_padding_phone=&#8221;&#8221; locked=&#8221;off&#8221; global_colors_info=&#8221;{}&#8221;][et_pb_row column_structure=&#8221;1_3,2_3&#8243; custom_padding_last_edited=&#8221;on|tablet&#8221; admin_label=&#8221;About Page V3 &#8211; Story Text &#8211; Freddie &#8211; Row&#8221; _builder_version=&#8221;4.27.0&#8243; width=&#8221;90%&#8221; max_width=&#8221;1170px&#8221; custom_padding=&#8221;50px||50px||true|false&#8221; custom_padding_tablet=&#8221;50px||0px||false|false&#8221; custom_padding_phone=&#8221;||0px||false|false&#8221; border_width_top=&#8221;4px&#8221; border_color_top=&#8221;#f7bd2f&#8221; border_color_bottom=&#8221;#f7bd2f&#8221; global_colors_info=&#8221;{}&#8221;][et_pb_column type=&#8221;1_3&#8243; _builder_version=&#8221;4.16&#8243; global_colors_info=&#8221;{}&#8221;][et_pb_image src=&#8221;https:\/\/alarmtower.com\/wp-content\/uploads\/AlarmWatch.png&#8221; title_text=&#8221;AlarmWatch&#8221; align=&#8221;center&#8221; _builder_version=&#8221;4.27.0&#8243; _module_preset=&#8221;default&#8221; max_height=&#8221;620px&#8221; global_colors_info=&#8221;{}&#8221;][\/et_pb_image][\/et_pb_column][et_pb_column type=&#8221;2_3&#8243; _builder_version=&#8221;4.16&#8243; global_colors_info=&#8221;{}&#8221;][et_pb_blurb title=&#8221;Specyfikacja produktu&#8221; content_max_width=&#8221;100%&#8221; admin_label=&#8221;About Page V3 &#8211; Story Text &#8211; Freddie &#8211; Blurb&#8221; _builder_version=&#8221;4.27.0&#8243; header_font=&#8221;Poppins|500|||||||&#8221; header_text_color=&#8221;#000000&#8243; header_font_size=&#8221;36px&#8221; header_line_height=&#8221;120%&#8221; body_font=&#8221;Poppins||||||||&#8221; body_text_color=&#8221;#000000&#8243; body_font_size=&#8221;16px&#8221; body_letter_spacing=&#8221;0.03px&#8221; body_line_height=&#8221;190%&#8221; body_ul_font_size=&#8221;17px&#8221; custom_margin=&#8221;||28px|||&#8221; custom_margin_tablet=&#8221;10px||||false|false&#8221; custom_margin_phone=&#8221;10px||||false|false&#8221; custom_margin_last_edited=&#8221;on|tablet&#8221; header_font_size_tablet=&#8221;30px&#8221; header_font_size_phone=&#8221;24px&#8221; header_font_size_last_edited=&#8221;on|phone&#8221; custom_css_blurb_title=&#8221;padding-bottom: 17px;&#8221; custom_css_blurb_content=&#8221;font-weight:400;&#8221; global_colors_info=&#8221;{}&#8221;]<\/p>\n<ul>\n<li><strong>Podgl\u0105d i rejestracja zdarze\u0144<\/strong><br \/>Realizowane przez dwie kamery<\/li>\n<li><strong>Autonomiczna<\/strong><br \/>Dwa panele solarne oraz akumulatory, nieprzerwana praca przez ca\u0142y rok<\/li>\n<li><b>Dwa tryby pracy<\/b><br \/>Ci\u0105g\u0142y oraz wymuszony<\/li>\n<li><strong>Informuje i odstrasza<\/strong><br \/>Dzi\u0119ki wbudowanemu sygnalizatorowi<\/li>\n<li><strong>Nieprzerwana komunikacja<\/strong><br \/>Przemys\u0142owy modem oraz antena LTE<\/li>\n<li><strong>Elastyczno\u015b\u0107<\/strong><br \/>Mo\u017cliwo\u015b\u0107 rozbudowy systemu do 100 dodatkowych urz\u0105dze\u0144<\/li>\n<\/ul>\n<h4><strong>Kompatybilno\u015b\u0107 z systemami:<\/strong><\/h4>\n<h4>Alarm<strong>Post, <\/strong>Alarm<strong>Line, <\/strong>Alaram<strong>Cam.<\/strong><\/h4>\n<p>[\/et_pb_blurb][et_pb_blurb content_max_width=&#8221;100%&#8221; admin_label=&#8221;About Page V3 &#8211; Story Text &#8211; Freddie &#8211; Blurb&#8221; _builder_version=&#8221;4.27.0&#8243; header_font=&#8221;Poppins|500|||||||&#8221; header_text_color=&#8221;#000000&#8243; header_font_size=&#8221;36px&#8221; header_line_height=&#8221;120%&#8221; body_font=&#8221;Poppins||||||||&#8221; body_text_color=&#8221;#000000&#8243; body_font_size=&#8221;16px&#8221; body_letter_spacing=&#8221;0.03px&#8221; body_line_height=&#8221;190%&#8221; body_ul_font_size=&#8221;17px&#8221; custom_margin_tablet=&#8221;10px||||false|false&#8221; custom_margin_phone=&#8221;10px||||false|false&#8221; custom_margin_last_edited=&#8221;on|tablet&#8221; hover_enabled=&#8221;0&#8243; header_font_size_tablet=&#8221;30px&#8221; header_font_size_phone=&#8221;24px&#8221; header_font_size_last_edited=&#8221;on|phone&#8221; custom_css_blurb_title=&#8221;padding-bottom: 17px;&#8221; custom_css_blurb_content=&#8221;font-weight:400;&#8221; global_colors_info=&#8221;{}&#8221; sticky_enabled=&#8221;0&#8243;]<\/p>\n<h4><strong>Cennik<\/strong><\/h4>\n<h5>Zakup od 19 100 z\u0142 netto<br \/>Wynajem od 1 280 z\u0142 netto za miesi\u0105c<\/h5>\n<p>[\/et_pb_blurb][\/et_pb_column][\/et_pb_row][\/et_pb_section][et_pb_section fb_built=&#8221;1&#8243; _builder_version=&#8221;4.27.0&#8243; _module_preset=&#8221;default&#8221; custom_margin=&#8221;0px||||false|false&#8221; custom_margin_last_edited=&#8221;off|desktop&#8221; custom_padding=&#8221;0px||5px||false|false&#8221; locked=&#8221;off&#8221; global_colors_info=&#8221;{}&#8221;][et_pb_row column_structure=&#8221;3_4,1_4&#8243; custom_padding_last_edited=&#8221;off|desktop&#8221; admin_label=&#8221;Pull You Testimonial &#8211; Freddie &#8211; Row&#8221; _builder_version=&#8221;4.27.0&#8243; background_size=&#8221;initial&#8221; background_position=&#8221;top_left&#8221; background_repeat=&#8221;repeat&#8221; width=&#8221;90%&#8221; max_width=&#8221;1170px&#8221; custom_margin=&#8221;0px||||false|false&#8221; custom_margin_last_edited=&#8221;off|desktop&#8221; custom_padding=&#8221;50px||||false|false&#8221; custom_padding_tablet=&#8221;|0px|0px|&#8221; custom_padding_phone=&#8221;40px||||false|false&#8221; border_width_top=&#8221;4px&#8221; border_color_top=&#8221;#f7bd2f&#8221; locked=&#8221;off&#8221; global_colors_info=&#8221;{}&#8221;][et_pb_column type=&#8221;3_4&#8243; _builder_version=&#8221;4.16&#8243; custom_padding=&#8221;|||&#8221; global_colors_info=&#8221;{}&#8221; custom_padding__hover=&#8221;|||&#8221;][et_pb_text admin_label=&#8221;Pull You Testimonial &#8211; Freddie &#8211; Text&#8221; _builder_version=&#8221;4.16&#8243; text_font=&#8221;Poppins|500|||||||&#8221; text_text_color=&#8221;#000000&#8243; text_font_size=&#8221;36px&#8221; text_line_height=&#8221;160%&#8221; link_text_color=&#8221;#ffffff&#8221; header_6_text_color=&#8221;#000000&#8243; custom_margin=&#8221;||||false|false&#8221; text_font_size_tablet=&#8221;26px&#8221; text_font_size_phone=&#8221;22px&#8221; text_font_size_last_edited=&#8221;on|phone&#8221; global_colors_info=&#8221;{}&#8221; link_text_color__hover=&#8221;#fddd11&#8243; link_text_color__hover_enabled=&#8221;on|hover&#8221;]<\/p>\n<p>Oferujemy kompleksowe i szybkie wdro\u017cenie<\/p>\n<p>[\/et_pb_text][\/et_pb_column][et_pb_column type=&#8221;1_4&#8243; _builder_version=&#8221;4.16&#8243; custom_padding=&#8221;|||&#8221; global_colors_info=&#8221;{}&#8221; custom_padding__hover=&#8221;|||&#8221;][et_pb_button button_url=&#8221;mailto:office@alarmtower.com&#8221; button_text=&#8221;Napisz do nas&#8221; button_alignment=&#8221;left&#8221; button_alignment_tablet=&#8221;left&#8221; button_alignment_phone=&#8221;center&#8221; button_alignment_last_edited=&#8221;on|phone&#8221; admin_label=&#8221;Pleasure Chest Content &#8211; Freddie &#8211; Button&#8221; module_class=&#8221;freddie_button_jealousy&#8221; _builder_version=&#8221;4.27.0&#8243; custom_button=&#8221;on&#8221; button_text_size=&#8221;16px&#8221; button_text_color=&#8221;#000000&#8243; button_bg_color=&#8221;rgba(255,255,255,0)&#8221; button_border_width=&#8221;0px&#8221; button_border_radius=&#8221;0px&#8221; button_font=&#8221;Poppins||||||||&#8221; button_icon=&#8221;&#x4c;||divi||400&#8243; button_on_hover=&#8221;off&#8221; custom_margin=&#8221;||||false|false&#8221; custom_margin_tablet=&#8221;|||19px|false|false&#8221; custom_margin_phone=&#8221;|||19px|false|false&#8221; custom_margin_last_edited=&#8221;on|tablet&#8221; custom_padding=&#8221;15px||||false|false&#8221; custom_padding_tablet=&#8221;||||false|false&#8221; custom_padding_last_edited=&#8221;off|tablet&#8221; z_index_tablet=&#8221;500&#8243; saved_tabs=&#8221;all&#8221; locked=&#8221;off&#8221; global_colors_info=&#8221;{}&#8221;][\/et_pb_button][\/et_pb_column][\/et_pb_row][\/et_pb_section][et_pb_section fb_built=&#8221;1&#8243; admin_label=&#8221;Pleasure Chest Content &#8211; Freddie&#8221; module_class=&#8221;freddie_pleasure_chest_content&#8221; _builder_version=&#8221;4.16&#8243; custom_padding=&#8221;35px||29px||false|false&#8221; locked=&#8221;off&#8221; global_colors_info=&#8221;{}&#8221;][et_pb_row column_structure=&#8221;1_4,1_4,1_4,1_4&#8243; make_equal=&#8221;on&#8221; admin_label=&#8221;Pleasure Chest Content &#8211; Freddie &#8211; Row&#8221; module_class=&#8221;top_row&#8221; _builder_version=&#8221;4.16&#8243; width=&#8221;90%&#8221; max_width=&#8221;1170px&#8221; custom_padding=&#8221;0px||||false|false&#8221; custom_css_before=&#8221;content: %22%22;||    display: block;||    height: 4px;||    width: 100%;||    background-color: #f8f5f5;||    position: absolute;||    left: 0;||    top: 30px;&#8221; global_colors_info=&#8221;{}&#8221;][et_pb_column type=&#8221;1_4&#8243; _builder_version=&#8221;4.16&#8243; global_colors_info=&#8221;{}&#8221;][et_pb_blurb title=&#8221;01&#8243; admin_label=&#8221;Pleasure Chest Content &#8211; Freddie &#8211; Blurb&#8221; _builder_version=&#8221;4.16&#8243; header_font=&#8221;Poppins|500|||||||&#8221; header_text_color=&#8221;#f7bd2f&#8221; body_font=&#8221;Poppins|500|||||||&#8221; body_text_align=&#8221;center&#8221; body_text_color=&#8221;#000000&#8243; body_font_size=&#8221;22px&#8221; text_orientation=&#8221;center&#8221; body_font_size_tablet=&#8221;18px&#8221; body_font_size_phone=&#8221;&#8221; body_font_size_last_edited=&#8221;on|tablet&#8221; custom_css_blurb_title=&#8221;padding-bottom: 27px;&#8221; global_colors_info=&#8221;{}&#8221;]<\/p>\n<p>Poznajemy Twoje potrzeby<\/p>\n<p>[\/et_pb_blurb][\/et_pb_column][et_pb_column type=&#8221;1_4&#8243; _builder_version=&#8221;4.16&#8243; global_colors_info=&#8221;{}&#8221;][et_pb_blurb title=&#8221;02&#8243; admin_label=&#8221;Pleasure Chest Content &#8211; Freddie &#8211; Blurb&#8221; _builder_version=&#8221;4.27.0&#8243; header_font=&#8221;Poppins|500|||||||&#8221; header_text_color=&#8221;#f7bd2f&#8221; body_font=&#8221;Poppins|500|||||||&#8221; body_text_color=&#8221;#000000&#8243; body_font_size=&#8221;22px&#8221; text_orientation=&#8221;center&#8221; body_font_size_tablet=&#8221;18px&#8221; body_font_size_phone=&#8221;&#8221; body_font_size_last_edited=&#8221;on|tablet&#8221; custom_css_blurb_title=&#8221;padding-bottom: 27px;&#8221; global_colors_info=&#8221;{}&#8221;]<\/p>\n<p>Przygotowujemy ofert\u0119<\/p>\n<p>[\/et_pb_blurb][\/et_pb_column][et_pb_column type=&#8221;1_4&#8243; _builder_version=&#8221;4.16&#8243; global_colors_info=&#8221;{}&#8221;][et_pb_blurb title=&#8221;03&#8243; admin_label=&#8221;Pleasure Chest Content &#8211; Freddie &#8211; Blurb&#8221; _builder_version=&#8221;4.27.0&#8243; header_font=&#8221;Poppins|500|||||||&#8221; header_text_color=&#8221;#f7bd2f&#8221; body_font=&#8221;Poppins|500|||||||&#8221; body_text_color=&#8221;#000000&#8243; body_font_size=&#8221;22px&#8221; text_orientation=&#8221;center&#8221; body_font_size_tablet=&#8221;18px&#8221; body_font_size_phone=&#8221;&#8221; body_font_size_last_edited=&#8221;on|tablet&#8221; custom_css_blurb_title=&#8221;padding-bottom: 27px;&#8221; global_colors_info=&#8221;{}&#8221;]<\/p>\n<p>Wykonujemy us\u0142ug\u0119 monta\u017cu<\/p>\n<p>[\/et_pb_blurb][\/et_pb_column][et_pb_column type=&#8221;1_4&#8243; _builder_version=&#8221;4.16&#8243; global_colors_info=&#8221;{}&#8221;][et_pb_blurb title=&#8221;04&#8243; admin_label=&#8221;Pleasure Chest Content &#8211; Freddie &#8211; Blurb&#8221; _builder_version=&#8221;4.27.0&#8243; header_font=&#8221;Poppins|500|||||||&#8221; header_text_color=&#8221;#f7bd2f&#8221; body_font=&#8221;Poppins|500|||||||&#8221; body_text_color=&#8221;#000000&#8243; body_font_size=&#8221;22px&#8221; text_orientation=&#8221;center&#8221; body_font_size_tablet=&#8221;18px&#8221; body_font_size_phone=&#8221;&#8221; body_font_size_last_edited=&#8221;on|tablet&#8221; custom_css_blurb_title=&#8221;padding-bottom: 27px;&#8221; global_colors_info=&#8221;{}&#8221;]<\/p>\n<p>Wdra\u017camy osoby do systemu<\/p>\n<p>[\/et_pb_blurb][\/et_pb_column][\/et_pb_row][\/et_pb_section][et_pb_section fb_built=&#8221;1&#8243; admin_label=&#8221;About Page V4 &#8211; Freddie &#8211; CTA&#8221; _builder_version=&#8221;4.27.0&#8243; background_color=&#8221;#f7bd2f&#8221; custom_margin=&#8221;40px|||||&#8221; custom_margin_tablet=&#8221;40px|||||&#8221; custom_margin_phone=&#8221;270px||||false|false&#8221; custom_margin_last_edited=&#8221;on|phone&#8221; custom_padding=&#8221;40px||40px||false|false&#8221; locked=&#8221;off&#8221; global_colors_info=&#8221;{}&#8221;][et_pb_row column_structure=&#8221;3_4,1_4&#8243; admin_label=&#8221;About Page V4 &#8211; Freddie &#8211; CTA &#8211; Row&#8221; _builder_version=&#8221;4.27.0&#8243; width=&#8221;90%&#8221; max_width=&#8221;1170px&#8221; global_colors_info=&#8221;{}&#8221;][et_pb_column type=&#8221;3_4&#8243; _builder_version=&#8221;4.16&#8243; global_colors_info=&#8221;{}&#8221;][et_pb_text admin_label=&#8221;About Page V4 &#8211; Freddie &#8211; CTA &#8211; Text&#8221; _builder_version=&#8221;4.27.0&#8243; text_font=&#8221;Poppins|500|||||||&#8221; text_text_color=&#8221;#000000&#8243; text_font_size=&#8221;30px&#8221; text_line_height=&#8221;130%&#8221; custom_padding=&#8221;0px|||||&#8221; text_font_size_tablet=&#8221;26px&#8221; text_font_size_phone=&#8221;22px&#8221; text_font_size_last_edited=&#8221;on|phone&#8221; text_orientation_tablet=&#8221;center&#8221; text_orientation_phone=&#8221;&#8221; text_orientation_last_edited=&#8221;on|tablet&#8221; global_colors_info=&#8221;{}&#8221;]<\/p>\n<p>Porozmawiaj z nami o szczeg\u00f3\u0142ach.<\/p>\n<p>[\/et_pb_text][\/et_pb_column][et_pb_column type=&#8221;1_4&#8243; _builder_version=&#8221;4.16&#8243; global_colors_info=&#8221;{}&#8221;][et_pb_button button_url=&#8221;tel:+48734734555&#8243; button_text=&#8221;Zadzwo\u0144 do nas&#8221; button_alignment=&#8221;right&#8221; button_alignment_tablet=&#8221;center&#8221; button_alignment_phone=&#8221;center&#8221; button_alignment_last_edited=&#8221;on|tablet&#8221; admin_label=&#8221;Ogre Battle Button &#8211; Freddie&#8221; module_class=&#8221;freddie_button_jealousy&#8221; _builder_version=&#8221;4.27.0&#8243; custom_button=&#8221;on&#8221; button_text_size=&#8221;21px&#8221; button_text_color=&#8221;#000000&#8243; button_bg_color=&#8221;rgba(255,255,255,0)&#8221; button_border_width=&#8221;0px&#8221; button_border_radius=&#8221;0px&#8221; button_font=&#8221;Poppins|500|||||||&#8221; button_icon=&#8221;&#x4c;||divi||400&#8243; button_on_hover=&#8221;off&#8221; custom_margin=&#8221;||0px&#8221; custom_padding=&#8221;0px|0px|0px|0px|false|false&#8221; button_text_size_tablet=&#8221;21px&#8221; button_text_size_phone=&#8221;18px&#8221; button_text_size_last_edited=&#8221;on|phone&#8221; z_index_tablet=&#8221;500&#8243; saved_tabs=&#8221;all&#8221; global_colors_info=&#8221;{}&#8221;][\/et_pb_button][\/et_pb_column][\/et_pb_row][\/et_pb_section]<\/p>\n","protected":false},"excerpt":{"rendered":"<p>AlarmWatch\u2013 kompaktowa wie\u017ca ochronna Podgl\u0105d i rejestracja zdarze\u0144Realizowane przez dwie kamery AutonomicznaDwa panele solarne oraz akumulatory, nieprzerwana praca przez ca\u0142y rok Dwa tryby pracyCi\u0105g\u0142y oraz wymuszony Informuje i odstraszaDzi\u0119ki wbudowanemu sygnalizatorowi Nieprzerwana komunikacjaPrzemys\u0142owy modem oraz antena LTE Elastyczno\u015b\u0107Mo\u017cliwo\u015b\u0107 rozbudowy systemu do 100 dodatkowych urz\u0105dze\u0144 Kompatybilno\u015b\u0107 z systemami: AlarmPost, AlarmLine, AlaramCam.Cennik Zakup od 19 100 z\u0142 [&hellip;]<\/p>\n","protected":false},"author":2,"featured_media":0,"parent":0,"menu_order":0,"comment_status":"closed","ping_status":"closed","template":"","meta":{"_et_pb_use_builder":"on","_et_pb_old_content":"","_et_gb_content_width":"","footnotes":""},"class_list":["post-370318","page","type-page","status-publish","hentry"],"yoast_head":"<!-- This site is optimized with the Yoast SEO plugin v25.2 - https:\/\/yoast.com\/wordpress\/plugins\/seo\/ -->\n<title>AlarmWatch &#8211; AlarmTower<\/title>\n<meta name=\"robots\" content=\"index, follow, max-snippet:-1, max-image-preview:large, max-video-preview:-1\" \/>\n<link rel=\"canonical\" href=\"https:\/\/alarmtower.com\/pl\/alarmwatch\/\" \/>\n<meta property=\"og:locale\" content=\"pl_PL\" \/>\n<meta property=\"og:type\" content=\"article\" \/>\n<meta property=\"og:title\" content=\"AlarmWatch &#8211; AlarmTower\" \/>\n<meta property=\"og:description\" content=\"AlarmWatch\u2013 kompaktowa wie\u017ca ochronna Podgl\u0105d i rejestracja zdarze\u0144Realizowane przez dwie kamery AutonomicznaDwa panele solarne oraz akumulatory, nieprzerwana praca przez ca\u0142y rok Dwa tryby pracyCi\u0105g\u0142y oraz wymuszony Informuje i odstraszaDzi\u0119ki wbudowanemu sygnalizatorowi Nieprzerwana komunikacjaPrzemys\u0142owy modem oraz antena LTE Elastyczno\u015b\u0107Mo\u017cliwo\u015b\u0107 rozbudowy systemu do 100 dodatkowych urz\u0105dze\u0144 Kompatybilno\u015b\u0107 z systemami: AlarmPost, AlarmLine, AlaramCam.Cennik Zakup od 19 100 z\u0142 [&hellip;]\" \/>\n<meta property=\"og:url\" content=\"https:\/\/alarmtower.com\/pl\/alarmwatch\/\" \/>\n<meta property=\"og:site_name\" content=\"AlarmTower\" \/>\n<meta property=\"article:modified_time\" content=\"2025-06-23T14:07:28+00:00\" \/>\n<meta name=\"twitter:card\" content=\"summary_large_image\" \/>\n<meta name=\"twitter:label1\" content=\"Szacowany czas czytania\" \/>\n\t<meta name=\"twitter:data1\" content=\"1 minuta\" \/>\n<script type=\"application\/ld+json\" class=\"yoast-schema-graph\">{\"@context\":\"https:\/\/schema.org\",\"@graph\":[{\"@type\":\"WebPage\",\"@id\":\"https:\/\/alarmtower.com\/pl\/alarmwatch\/\",\"url\":\"https:\/\/alarmtower.com\/pl\/alarmwatch\/\",\"name\":\"AlarmWatch &#8211; AlarmTower\",\"isPartOf\":{\"@id\":\"https:\/\/alarmtower.com\/pl\/#website\"},\"datePublished\":\"2025-06-16T11:59:01+00:00\",\"dateModified\":\"2025-06-23T14:07:28+00:00\",\"breadcrumb\":{\"@id\":\"https:\/\/alarmtower.com\/pl\/alarmwatch\/#breadcrumb\"},\"inLanguage\":\"pl-PL\",\"potentialAction\":[{\"@type\":\"ReadAction\",\"target\":[\"https:\/\/alarmtower.com\/pl\/alarmwatch\/\"]}]},{\"@type\":\"BreadcrumbList\",\"@id\":\"https:\/\/alarmtower.com\/pl\/alarmwatch\/#breadcrumb\",\"itemListElement\":[{\"@type\":\"ListItem\",\"position\":1,\"name\":\"Strona g\u0142\u00f3wna\",\"item\":\"https:\/\/alarmtower.com\/pl\/\"},{\"@type\":\"ListItem\",\"position\":2,\"name\":\"AlarmWatch\"}]},{\"@type\":\"WebSite\",\"@id\":\"https:\/\/alarmtower.com\/pl\/#website\",\"url\":\"https:\/\/alarmtower.com\/pl\/\",\"name\":\"AlarmTower\",\"description\":\"producent wie\u017c monitoruj\u0105cych\",\"publisher\":{\"@id\":\"https:\/\/alarmtower.com\/pl\/#organization\"},\"potentialAction\":[{\"@type\":\"SearchAction\",\"target\":{\"@type\":\"EntryPoint\",\"urlTemplate\":\"https:\/\/alarmtower.com\/pl\/?s={search_term_string}\"},\"query-input\":{\"@type\":\"PropertyValueSpecification\",\"valueRequired\":true,\"valueName\":\"search_term_string\"}}],\"inLanguage\":\"pl-PL\"},{\"@type\":\"Organization\",\"@id\":\"https:\/\/alarmtower.com\/pl\/#organization\",\"name\":\"Alarm Tower sp. z o.o.\",\"url\":\"https:\/\/alarmtower.com\/pl\/\",\"logo\":{\"@type\":\"ImageObject\",\"inLanguage\":\"pl-PL\",\"@id\":\"https:\/\/alarmtower.com\/pl\/#\/schema\/logo\/image\/\",\"url\":\"https:\/\/alarmtower.com\/wp-content\/uploads\/alarm-tower-logo.png\",\"contentUrl\":\"https:\/\/alarmtower.com\/wp-content\/uploads\/alarm-tower-logo.png\",\"width\":870,\"height\":168,\"caption\":\"Alarm Tower sp. z o.o.\"},\"image\":{\"@id\":\"https:\/\/alarmtower.com\/pl\/#\/schema\/logo\/image\/\"}}]}<\/script>\n<!-- \/ Yoast SEO plugin. -->","yoast_head_json":{"title":"AlarmWatch &#8211; AlarmTower","robots":{"index":"index","follow":"follow","max-snippet":"max-snippet:-1","max-image-preview":"max-image-preview:large","max-video-preview":"max-video-preview:-1"},"canonical":"https:\/\/alarmtower.com\/pl\/alarmwatch\/","og_locale":"pl_PL","og_type":"article","og_title":"AlarmWatch &#8211; AlarmTower","og_description":"AlarmWatch\u2013 kompaktowa wie\u017ca ochronna Podgl\u0105d i rejestracja zdarze\u0144Realizowane przez dwie kamery AutonomicznaDwa panele solarne oraz akumulatory, nieprzerwana praca przez ca\u0142y rok Dwa tryby pracyCi\u0105g\u0142y oraz wymuszony Informuje i odstraszaDzi\u0119ki wbudowanemu sygnalizatorowi Nieprzerwana komunikacjaPrzemys\u0142owy modem oraz antena LTE Elastyczno\u015b\u0107Mo\u017cliwo\u015b\u0107 rozbudowy systemu do 100 dodatkowych urz\u0105dze\u0144 Kompatybilno\u015b\u0107 z systemami: AlarmPost, AlarmLine, AlaramCam.Cennik Zakup od 19 100 z\u0142 [&hellip;]","og_url":"https:\/\/alarmtower.com\/pl\/alarmwatch\/","og_site_name":"AlarmTower","article_modified_time":"2025-06-23T14:07:28+00:00","twitter_card":"summary_large_image","twitter_misc":{"Szacowany czas czytania":"1 minuta"},"schema":{"@context":"https:\/\/schema.org","@graph":[{"@type":"WebPage","@id":"https:\/\/alarmtower.com\/pl\/alarmwatch\/","url":"https:\/\/alarmtower.com\/pl\/alarmwatch\/","name":"AlarmWatch &#8211; AlarmTower","isPartOf":{"@id":"https:\/\/alarmtower.com\/pl\/#website"},"datePublished":"2025-06-16T11:59:01+00:00","dateModified":"2025-06-23T14:07:28+00:00","breadcrumb":{"@id":"https:\/\/alarmtower.com\/pl\/alarmwatch\/#breadcrumb"},"inLanguage":"pl-PL","potentialAction":[{"@type":"ReadAction","target":["https:\/\/alarmtower.com\/pl\/alarmwatch\/"]}]},{"@type":"BreadcrumbList","@id":"https:\/\/alarmtower.com\/pl\/alarmwatch\/#breadcrumb","itemListElement":[{"@type":"ListItem","position":1,"name":"Strona g\u0142\u00f3wna","item":"https:\/\/alarmtower.com\/pl\/"},{"@type":"ListItem","position":2,"name":"AlarmWatch"}]},{"@type":"WebSite","@id":"https:\/\/alarmtower.com\/pl\/#website","url":"https:\/\/alarmtower.com\/pl\/","name":"AlarmTower","description":"producent wie\u017c monitoruj\u0105cych","publisher":{"@id":"https:\/\/alarmtower.com\/pl\/#organization"},"potentialAction":[{"@type":"SearchAction","target":{"@type":"EntryPoint","urlTemplate":"https:\/\/alarmtower.com\/pl\/?s={search_term_string}"},"query-input":{"@type":"PropertyValueSpecification","valueRequired":true,"valueName":"search_term_string"}}],"inLanguage":"pl-PL"},{"@type":"Organization","@id":"https:\/\/alarmtower.com\/pl\/#organization","name":"Alarm Tower sp. z o.o.","url":"https:\/\/alarmtower.com\/pl\/","logo":{"@type":"ImageObject","inLanguage":"pl-PL","@id":"https:\/\/alarmtower.com\/pl\/#\/schema\/logo\/image\/","url":"https:\/\/alarmtower.com\/wp-content\/uploads\/alarm-tower-logo.png","contentUrl":"https:\/\/alarmtower.com\/wp-content\/uploads\/alarm-tower-logo.png","width":870,"height":168,"caption":"Alarm Tower sp. z o.o."},"image":{"@id":"https:\/\/alarmtower.com\/pl\/#\/schema\/logo\/image\/"}}]}},"_links":{"self":[{"href":"https:\/\/alarmtower.com\/pl\/wp-json\/wp\/v2\/pages\/370318","targetHints":{"allow":["GET"]}}],"collection":[{"href":"https:\/\/alarmtower.com\/pl\/wp-json\/wp\/v2\/pages"}],"about":[{"href":"https:\/\/alarmtower.com\/pl\/wp-json\/wp\/v2\/types\/page"}],"author":[{"embeddable":true,"href":"https:\/\/alarmtower.com\/pl\/wp-json\/wp\/v2\/users\/2"}],"replies":[{"embeddable":true,"href":"https:\/\/alarmtower.com\/pl\/wp-json\/wp\/v2\/comments?post=370318"}],"version-history":[{"count":6,"href":"https:\/\/alarmtower.com\/pl\/wp-json\/wp\/v2\/pages\/370318\/revisions"}],"predecessor-version":[{"id":370396,"href":"https:\/\/alarmtower.com\/pl\/wp-json\/wp\/v2\/pages\/370318\/revisions\/370396"}],"wp:attachment":[{"href":"https:\/\/alarmtower.com\/pl\/wp-json\/wp\/v2\/media?parent=370318"}],"curies":[{"name":"wp","href":"https:\/\/api.w.org\/{rel}","templated":true}]}}