{"id":3,"date":"2022-02-09T16:48:45","date_gmt":"2022-02-09T15:48:45","guid":{"rendered":"https:\/\/alarmtower.com\/?page_id=3"},"modified":"2024-08-02T14:51:11","modified_gmt":"2024-08-02T12:51:11","slug":"polityka-prywatnosci","status":"publish","type":"page","link":"https:\/\/alarmtower.com\/pl\/polityka-prywatnosci\/","title":{"rendered":"Polityka prywatno\u015bci"},"content":{"rendered":"<p>[et_pb_section fb_built=&#8221;1&#8243; custom_padding_last_edited=&#8221;on|phone&#8221; admin_label=&#8221;Cruella De Ville Slider &#8211; Freddie&#8221; module_class=&#8221;freddie_crueladeville_slider&#8221; _builder_version=&#8221;4.27.0&#8243; background_enable_color=&#8221;off&#8221; custom_margin=&#8221;||||false|false&#8221; custom_padding=&#8221;50px||5px||false|false&#8221; custom_padding_tablet=&#8221;20px||10px||false|false&#8221; custom_padding_phone=&#8221;||0px||false|false&#8221; bottom_divider_color=&#8221;#000000&#8243; locked=&#8221;off&#8221; global_colors_info=&#8221;{}&#8221;][et_pb_row use_custom_gutter=&#8221;on&#8221; gutter_width=&#8221;4&#8243; custom_padding_last_edited=&#8221;on|phone&#8221; admin_label=&#8221;Black Lips Content &#8211; Freddie &#8211; Row&#8221; _builder_version=&#8221;4.16&#8243; width=&#8221;90%&#8221; max_width=&#8221;1170px&#8221; custom_padding=&#8221;||17px||false|false&#8221; custom_padding_tablet=&#8221;||0px||false|false&#8221; custom_padding_phone=&#8221;||0px||false|false&#8221; locked=&#8221;off&#8221; global_colors_info=&#8221;{}&#8221;][et_pb_column type=&#8221;4_4&#8243; _builder_version=&#8221;4.16&#8243; global_colors_info=&#8221;{}&#8221;][et_pb_text admin_label=&#8221;Black Lips Content &#8211; Freddie &#8211; Text&#8221; _builder_version=&#8221;4.20.2&#8243; text_font=&#8221;Poppins|500|||||||&#8221; text_text_color=&#8221;#000000&#8243; text_font_size=&#8221;60px&#8221; text_letter_spacing=&#8221;0.8px&#8221; text_line_height=&#8221;120%&#8221; text_font_size_tablet=&#8221;40px&#8221; text_font_size_phone=&#8221;30px&#8221; text_font_size_last_edited=&#8221;on|phone&#8221; text_letter_spacing_tablet=&#8221;0.3px&#8221; text_letter_spacing_phone=&#8221;&#8221; text_letter_spacing_last_edited=&#8221;on|tablet&#8221; global_colors_info=&#8221;{}&#8221;]<\/p>\n<p>Polityka prywatno\u015bci<\/p>\n<p>[\/et_pb_text][\/et_pb_column][\/et_pb_row][\/et_pb_section][et_pb_section fb_built=&#8221;1&#8243; _builder_version=&#8221;4.16&#8243; _module_preset=&#8221;default&#8221; custom_padding=&#8221;4px|||||&#8221; locked=&#8221;off&#8221; global_colors_info=&#8221;{}&#8221;][et_pb_row _builder_version=&#8221;4.20.2&#8243; _module_preset=&#8221;default&#8221; width_tablet=&#8221;90%&#8221; width_phone=&#8221;90%&#8221; width_last_edited=&#8221;on|phone&#8221; max_width=&#8221;1170px&#8221; custom_padding=&#8221;8px|||||&#8221; global_colors_info=&#8221;{}&#8221;][et_pb_column type=&#8221;4_4&#8243; _builder_version=&#8221;4.16&#8243; _module_preset=&#8221;default&#8221; global_colors_info=&#8221;{}&#8221;][et_pb_text _builder_version=&#8221;4.27.0&#8243; _module_preset=&#8221;default&#8221; text_font=&#8221;Poppins||||||||&#8221; text_text_color=&#8221;#000000&#8243; text_font_size=&#8221;16px&#8221; text_line_height=&#8221;190%&#8221; header_6_text_color=&#8221;#000000&#8243; custom_margin=&#8221;||||false|false&#8221; custom_padding=&#8221;0px||||false|false&#8221; custom_padding_tablet=&#8221;||||false|false&#8221; custom_padding_phone=&#8221;||||false|false&#8221; custom_padding_last_edited=&#8221;on|phone&#8221; custom_css_main_element=&#8221;font-weight: 400 !important;||    position: relative;&#8221; global_colors_info=&#8221;{}&#8221;]<\/p>\n<p class=\"p1\">\n<p class=\"p1\"><b>Informacja dotycz\u0105ca przetwarzania danych osobowych przez\u00a0 Alarmtower sp. z o.o.\u00a0<\/b><b><\/b><\/p>\n<p class=\"p3\">Zgodnie z rozporz\u0105dzeniem Parlamentu Europejskiego i Rady (UE) 2016\/679 z dnia 27 kwietnia 2016 r. w sprawie ochrony os\u00f3b fizycznych w zwi\u0105zku z przetwarzaniem danych osobowych i w sprawie swobodnego przep\u0142ywu takich danych oraz uchylenia dyrektywy 95\/46\/WE (og\u00f3lne rozporz\u0105dzenie o ochronie danych, Dz. Urz. UE L 119 z 4.05.2016) &#8211; zwanego dalej: RODO, informujemy, i\u017c:\u00a0<\/p>\n<p class=\"p3\">1. Administratorem Pa\u0144stwa danych osobowych jest ALARMTOWER sp. z o.o. (dalej jako: \u201cAdministrator\u201d), z siedzib\u0105 przy ul. Al. Solidarno\u015bci 68\/121, 00-240 Warszawa. Z Administratorem mo\u017cna skontaktowa\u0107 si\u0119:\u00a0<\/p>\n<ul class=\"ul1\">\n<li class=\"li4\"><span class=\"s1\"><\/span><span class=\"s2\">listownie, na adres korespondencyjny: ALARMTOWER sp. z o.o., ul. \u015awiebodzka 45, 58-141 Stanowice,\u00a0<\/span><\/li>\n<li class=\"li4\"><span class=\"s1\"><\/span><span class=\"s3\">z<\/span><span class=\"s2\">a po\u015brednictwem adresu e-mail: office@alarmtower.com\u00a0<\/span><\/li>\n<\/ul>\n<p class=\"p6\"><span class=\"s4\">2. <\/span>Pa\u0144stwa dane osobowe b\u0119d\u0105 przetwarzane w nast\u0119puj\u0105cych celach:\u00a0<\/p>\n<ul class=\"ul1\">\n<li class=\"li4\"><span class=\"s1\"><\/span><span class=\"s2\">realizacja us\u0142ug \u015bwiadczonych przez Firm\u0119,\u00a0<\/span><\/li>\n<li class=\"li8\"><span class=\"s5\"><\/span><span class=\"s2\">obs\u0142uga zapyta\u0144 i kontakt\u00f3w z klientami,\u00a0<\/span><\/li>\n<li class=\"li8\"><span class=\"s5\"><\/span><span class=\"s2\">marketing bezpo\u015bredni w\u0142asnych produkt\u00f3w i us\u0142ug,<\/span><\/li>\n<li class=\"li8\"><span class=\"s5\"><\/span><span class=\"s2\">wype\u0142nianie obowi\u0105zk\u00f3w prawnych na\u0142o\u017conych na Firm\u0119,<\/span><\/li>\n<li class=\"li8\"><span class=\"s5\"><\/span><span class=\"s2\">Analiza statystyczna i poprawa jako\u015bci \u015bwiadczonych us\u0142ug.<\/span><\/li>\n<\/ul>\n<p class=\"p10\">3. Przetwarzamy Pa\u0144stwa dane osobowe na podstawie:\u00a0<\/p>\n<ul class=\"ul1\">\n<li class=\"li4\"><span class=\"s1\"><\/span><span class=\"s3\">a<\/span><span class=\"s2\">rt. 6 ust. 1 lit. b) RODO &#8211; przetwarzanie niezb\u0119dne do wykonania umowy,\u00a0<\/span><\/li>\n<li class=\"li4\"><span class=\"s1\"><\/span><span class=\"s3\">a<\/span><span class=\"s2\">rt. 6 ust. 1 lit. c) RODO &#8211; przetwarzanie niezb\u0119dne do wype\u0142nienia obowi\u0105zku prawnego,\u00a0<\/span><\/li>\n<li class=\"li8\"><span class=\"s5\"><\/span><span class=\"s2\">art. 6 ust. 1 lit. f) RODO &#8211; przetwarzanie niezb\u0119dne do cel\u00f3w wynikaj\u0105cych z prawnie uzasadnionych interes\u00f3w realizowanych przez administratora.\u00a0<\/span><\/li>\n<\/ul>\n<p class=\"p10\">4. Pa\u0144stwa dane osobowe mog\u0105 by\u0107 przekazywane nast\u0119puj\u0105cym kategoriom odbiorc\u00f3w:\u00a0<\/p>\n<ul class=\"ul1\">\n<li class=\"li4\"><span class=\"s1\"><\/span><span class=\"s2\">podmiotom przetwarzaj\u0105cym dane na zlecenie administratora, np. \u00a0podmiotom \u015bwiadcz\u0105cym us\u0142ugi ksi\u0119gowe, doradcze, prawne i z zakresu us\u0142ug IT,\u00a0<\/span><\/li>\n<li class=\"li4\"><span class=\"s1\"><\/span><span class=\"s2\">organom publicznym, je\u015bli wynika to z obowi\u0105zuj\u0105cych przepis\u00f3w prawa.<\/span><\/li>\n<\/ul>\n<p class=\"p12\">\n<p class=\"p10\">5. Pa\u0144stwa dane osobowe b\u0119d\u0105 przechowywane przez okres niezb\u0119dny do realizacji cel\u00f3w, dla kt\u00f3rych zosta\u0142y zebrane, a tak\u017ce przez okres wymagany przepisami prawa lub do czasu wycofania zgody na ich przetwarzanie.\u00a0<\/p>\n<p class=\"p10\"><span class=\"s6\">6<\/span>. Na zasadach przewidzianych w RODO przys\u0142uguje Pa\u0144stwu prawo do:<\/p>\n<ul class=\"ul1\">\n<li class=\"li4\"><span class=\"s1\"><\/span><span class=\"s2\">dost\u0119pu do swoich danych osobowych,\u00a0<\/span><\/li>\n<li class=\"li4\"><span class=\"s1\"><\/span><span class=\"s2\">sprostowania danych osobowych,<\/span><\/li>\n<li class=\"li4\"><span class=\"s1\"><\/span><span class=\"s2\">usuni\u0119cia danych osobowych,<\/span><\/li>\n<li class=\"li4\"><span class=\"s1\"><\/span><span class=\"s2\">ograniczenia przetwarzania danych osobowych,\u00a0<\/span><\/li>\n<li class=\"li4\"><span class=\"s1\"><\/span><span class=\"s2\">przenoszenia danych osobowych,\u00a0<\/span><\/li>\n<li class=\"li4\"><span class=\"s1\"><\/span><span class=\"s2\">sprzeciwu wobec przetwarzania danych osobowych,\u00a0<\/span><\/li>\n<li class=\"li4\"><span class=\"s1\"><\/span><span class=\"s2\">wycofania zgody na przetwarzanie danych osobowych.\u00a0<\/span><\/li>\n<\/ul>\n<p class=\"p13\">7. Cookies<\/p>\n<ul class=\"ul1\">\n<li class=\"li4\"><span class=\"s1\"><\/span><span class=\"s2\">strona www.alarmtower.com wykorzystuje pliki cookies tj. Niewielkie pliki tekstowe, zapisywane na urz\u0105dzeniu ko\u0144cowym (komputer, smartfon, tablet),\u00a0podczas korzystania z naszej strony internetowej,<\/span><\/li>\n<li class=\"li4\"><span class=\"s1\"><\/span><span class=\"s7\">u\u017cywane p<\/span><span class=\"s2\">liki cookies: (a) niezb\u0119dne do prawid\u0142owego funkcjonowania strony internetowej, (b) funkcjonalne &#8211; umo\u017cliwiaj\u0105ce zapami\u0119tywanie wybranych ustawie\u0144 i personalizacj\u0119 interfejsu, (c) analityczne i wydajno\u015bciowe &#8211; zbieraj\u0105ce informacje o sposobie korzystania ze strony internetowej w celu poprawy jej dzia\u0142ania, (d) reklamowe &#8211; umo\u017cliwiaj\u0105ce dostarczanie reklam dostosowanych do Pa\u0144stwa zainteresowa\u0144,<\/span><\/li>\n<li class=\"li4\"><span class=\"s1\"><\/span><span class=\"s2\">podczas pierwszego po\u0142\u0105czenia z nasz\u0105 stron\u0105 zostanie wy\u015bwietlony Pa\u0144stwu komunikat o stosowaniu przez nas plik\u00f3w cookies wraz z zapytaniem o zgod\u0119 na ich osadzenie w Pa\u0144stwa urz\u0105dzeniu ko\u0144cowym,<\/span><\/li>\n<li class=\"li4\"><span class=\"s1\"><\/span><span class=\"s2\">maj\u0105 Pa\u0144stwo mo\u017cliwo\u015b\u0107 zarz\u0105dzania plikami cookies za pomoc\u0105 ustawie\u0144 w swojej przegl\u0105darce internetowej (akceptacja, zarz\u0105dzenia indywidualne, blokowanie).<\/span><\/li>\n<\/ul>\n<p class=\"p17\">\n<p>[\/et_pb_text][\/et_pb_column][\/et_pb_row][\/et_pb_section]<\/p>\n","protected":false},"excerpt":{"rendered":"<p>Polityka prywatno\u015bci Informacja dotycz\u0105ca przetwarzania danych osobowych przez\u00a0 Alarmtower sp. z o.o.\u00a0 Zgodnie z rozporz\u0105dzeniem Parlamentu Europejskiego i Rady (UE) 2016\/679 z dnia 27 kwietnia 2016 r. w sprawie ochrony os\u00f3b fizycznych w zwi\u0105zku z przetwarzaniem danych osobowych i w sprawie swobodnego przep\u0142ywu takich danych oraz uchylenia dyrektywy 95\/46\/WE (og\u00f3lne rozporz\u0105dzenie o ochronie danych, Dz. [&hellip;]<\/p>\n","protected":false},"author":2,"featured_media":0,"parent":0,"menu_order":0,"comment_status":"closed","ping_status":"closed","template":"","meta":{"_et_pb_use_builder":"on","_et_pb_old_content":"","_et_gb_content_width":"","footnotes":""},"class_list":["post-3","page","type-page","status-publish","hentry"],"yoast_head":"<!-- This site is optimized with the Yoast SEO plugin v25.2 - https:\/\/yoast.com\/wordpress\/plugins\/seo\/ -->\n<title>Polityka prywatno\u015bci &#8211; AlarmTower<\/title>\n<meta name=\"robots\" content=\"index, follow, max-snippet:-1, max-image-preview:large, max-video-preview:-1\" \/>\n<link rel=\"canonical\" href=\"https:\/\/alarmtower.com\/pl\/polityka-prywatnosci\/\" \/>\n<meta property=\"og:locale\" content=\"pl_PL\" \/>\n<meta property=\"og:type\" content=\"article\" \/>\n<meta property=\"og:title\" content=\"Polityka prywatno\u015bci &#8211; AlarmTower\" \/>\n<meta property=\"og:description\" content=\"Polityka prywatno\u015bci Informacja dotycz\u0105ca przetwarzania danych osobowych przez\u00a0 Alarmtower sp. z o.o.\u00a0 Zgodnie z rozporz\u0105dzeniem Parlamentu Europejskiego i Rady (UE) 2016\/679 z dnia 27 kwietnia 2016 r. w sprawie ochrony os\u00f3b fizycznych w zwi\u0105zku z przetwarzaniem danych osobowych i w sprawie swobodnego przep\u0142ywu takich danych oraz uchylenia dyrektywy 95\/46\/WE (og\u00f3lne rozporz\u0105dzenie o ochronie danych, Dz. [&hellip;]\" \/>\n<meta property=\"og:url\" content=\"https:\/\/alarmtower.com\/pl\/polityka-prywatnosci\/\" \/>\n<meta property=\"og:site_name\" content=\"AlarmTower\" \/>\n<meta property=\"article:modified_time\" content=\"2024-08-02T12:51:11+00:00\" \/>\n<meta name=\"twitter:card\" content=\"summary_large_image\" \/>\n<meta name=\"twitter:label1\" content=\"Szacowany czas czytania\" \/>\n\t<meta name=\"twitter:data1\" content=\"3 minuty\" \/>\n<script type=\"application\/ld+json\" class=\"yoast-schema-graph\">{\"@context\":\"https:\/\/schema.org\",\"@graph\":[{\"@type\":\"WebPage\",\"@id\":\"https:\/\/alarmtower.com\/pl\/polityka-prywatnosci\/\",\"url\":\"https:\/\/alarmtower.com\/pl\/polityka-prywatnosci\/\",\"name\":\"Polityka prywatno\u015bci &#8211; AlarmTower\",\"isPartOf\":{\"@id\":\"https:\/\/alarmtower.com\/pl\/#website\"},\"datePublished\":\"2022-02-09T15:48:45+00:00\",\"dateModified\":\"2024-08-02T12:51:11+00:00\",\"breadcrumb\":{\"@id\":\"https:\/\/alarmtower.com\/pl\/polityka-prywatnosci\/#breadcrumb\"},\"inLanguage\":\"pl-PL\",\"potentialAction\":[{\"@type\":\"ReadAction\",\"target\":[\"https:\/\/alarmtower.com\/pl\/polityka-prywatnosci\/\"]}]},{\"@type\":\"BreadcrumbList\",\"@id\":\"https:\/\/alarmtower.com\/pl\/polityka-prywatnosci\/#breadcrumb\",\"itemListElement\":[{\"@type\":\"ListItem\",\"position\":1,\"name\":\"Strona g\u0142\u00f3wna\",\"item\":\"https:\/\/alarmtower.com\/pl\/\"},{\"@type\":\"ListItem\",\"position\":2,\"name\":\"Polityka prywatno\u015bci\"}]},{\"@type\":\"WebSite\",\"@id\":\"https:\/\/alarmtower.com\/pl\/#website\",\"url\":\"https:\/\/alarmtower.com\/pl\/\",\"name\":\"AlarmTower\",\"description\":\"producent wie\u017c monitoruj\u0105cych\",\"publisher\":{\"@id\":\"https:\/\/alarmtower.com\/pl\/#organization\"},\"potentialAction\":[{\"@type\":\"SearchAction\",\"target\":{\"@type\":\"EntryPoint\",\"urlTemplate\":\"https:\/\/alarmtower.com\/pl\/?s={search_term_string}\"},\"query-input\":{\"@type\":\"PropertyValueSpecification\",\"valueRequired\":true,\"valueName\":\"search_term_string\"}}],\"inLanguage\":\"pl-PL\"},{\"@type\":\"Organization\",\"@id\":\"https:\/\/alarmtower.com\/pl\/#organization\",\"name\":\"Alarm Tower sp. z o.o.\",\"url\":\"https:\/\/alarmtower.com\/pl\/\",\"logo\":{\"@type\":\"ImageObject\",\"inLanguage\":\"pl-PL\",\"@id\":\"https:\/\/alarmtower.com\/pl\/#\/schema\/logo\/image\/\",\"url\":\"https:\/\/alarmtower.com\/wp-content\/uploads\/alarm-tower-logo.png\",\"contentUrl\":\"https:\/\/alarmtower.com\/wp-content\/uploads\/alarm-tower-logo.png\",\"width\":870,\"height\":168,\"caption\":\"Alarm Tower sp. z o.o.\"},\"image\":{\"@id\":\"https:\/\/alarmtower.com\/pl\/#\/schema\/logo\/image\/\"}}]}<\/script>\n<!-- \/ Yoast SEO plugin. -->","yoast_head_json":{"title":"Polityka prywatno\u015bci &#8211; AlarmTower","robots":{"index":"index","follow":"follow","max-snippet":"max-snippet:-1","max-image-preview":"max-image-preview:large","max-video-preview":"max-video-preview:-1"},"canonical":"https:\/\/alarmtower.com\/pl\/polityka-prywatnosci\/","og_locale":"pl_PL","og_type":"article","og_title":"Polityka prywatno\u015bci &#8211; AlarmTower","og_description":"Polityka prywatno\u015bci Informacja dotycz\u0105ca przetwarzania danych osobowych przez\u00a0 Alarmtower sp. z o.o.\u00a0 Zgodnie z rozporz\u0105dzeniem Parlamentu Europejskiego i Rady (UE) 2016\/679 z dnia 27 kwietnia 2016 r. w sprawie ochrony os\u00f3b fizycznych w zwi\u0105zku z przetwarzaniem danych osobowych i w sprawie swobodnego przep\u0142ywu takich danych oraz uchylenia dyrektywy 95\/46\/WE (og\u00f3lne rozporz\u0105dzenie o ochronie danych, Dz. [&hellip;]","og_url":"https:\/\/alarmtower.com\/pl\/polityka-prywatnosci\/","og_site_name":"AlarmTower","article_modified_time":"2024-08-02T12:51:11+00:00","twitter_card":"summary_large_image","twitter_misc":{"Szacowany czas czytania":"3 minuty"},"schema":{"@context":"https:\/\/schema.org","@graph":[{"@type":"WebPage","@id":"https:\/\/alarmtower.com\/pl\/polityka-prywatnosci\/","url":"https:\/\/alarmtower.com\/pl\/polityka-prywatnosci\/","name":"Polityka prywatno\u015bci &#8211; AlarmTower","isPartOf":{"@id":"https:\/\/alarmtower.com\/pl\/#website"},"datePublished":"2022-02-09T15:48:45+00:00","dateModified":"2024-08-02T12:51:11+00:00","breadcrumb":{"@id":"https:\/\/alarmtower.com\/pl\/polityka-prywatnosci\/#breadcrumb"},"inLanguage":"pl-PL","potentialAction":[{"@type":"ReadAction","target":["https:\/\/alarmtower.com\/pl\/polityka-prywatnosci\/"]}]},{"@type":"BreadcrumbList","@id":"https:\/\/alarmtower.com\/pl\/polityka-prywatnosci\/#breadcrumb","itemListElement":[{"@type":"ListItem","position":1,"name":"Strona g\u0142\u00f3wna","item":"https:\/\/alarmtower.com\/pl\/"},{"@type":"ListItem","position":2,"name":"Polityka prywatno\u015bci"}]},{"@type":"WebSite","@id":"https:\/\/alarmtower.com\/pl\/#website","url":"https:\/\/alarmtower.com\/pl\/","name":"AlarmTower","description":"producent wie\u017c monitoruj\u0105cych","publisher":{"@id":"https:\/\/alarmtower.com\/pl\/#organization"},"potentialAction":[{"@type":"SearchAction","target":{"@type":"EntryPoint","urlTemplate":"https:\/\/alarmtower.com\/pl\/?s={search_term_string}"},"query-input":{"@type":"PropertyValueSpecification","valueRequired":true,"valueName":"search_term_string"}}],"inLanguage":"pl-PL"},{"@type":"Organization","@id":"https:\/\/alarmtower.com\/pl\/#organization","name":"Alarm Tower sp. z o.o.","url":"https:\/\/alarmtower.com\/pl\/","logo":{"@type":"ImageObject","inLanguage":"pl-PL","@id":"https:\/\/alarmtower.com\/pl\/#\/schema\/logo\/image\/","url":"https:\/\/alarmtower.com\/wp-content\/uploads\/alarm-tower-logo.png","contentUrl":"https:\/\/alarmtower.com\/wp-content\/uploads\/alarm-tower-logo.png","width":870,"height":168,"caption":"Alarm Tower sp. z o.o."},"image":{"@id":"https:\/\/alarmtower.com\/pl\/#\/schema\/logo\/image\/"}}]}},"_links":{"self":[{"href":"https:\/\/alarmtower.com\/pl\/wp-json\/wp\/v2\/pages\/3","targetHints":{"allow":["GET"]}}],"collection":[{"href":"https:\/\/alarmtower.com\/pl\/wp-json\/wp\/v2\/pages"}],"about":[{"href":"https:\/\/alarmtower.com\/pl\/wp-json\/wp\/v2\/types\/page"}],"author":[{"embeddable":true,"href":"https:\/\/alarmtower.com\/pl\/wp-json\/wp\/v2\/users\/2"}],"replies":[{"embeddable":true,"href":"https:\/\/alarmtower.com\/pl\/wp-json\/wp\/v2\/comments?post=3"}],"version-history":[{"count":13,"href":"https:\/\/alarmtower.com\/pl\/wp-json\/wp\/v2\/pages\/3\/revisions"}],"predecessor-version":[{"id":369997,"href":"https:\/\/alarmtower.com\/pl\/wp-json\/wp\/v2\/pages\/3\/revisions\/369997"}],"wp:attachment":[{"href":"https:\/\/alarmtower.com\/pl\/wp-json\/wp\/v2\/media?parent=3"}],"curies":[{"name":"wp","href":"https:\/\/api.w.org\/{rel}","templated":true}]}}